{"id":7,"date":"2021-04-03T21:08:00","date_gmt":"2021-04-03T19:08:00","guid":{"rendered":"https:\/\/stcat.seconde-main.ch\/?page_id=7"},"modified":"2024-10-30T15:41:43","modified_gmt":"2024-10-30T14:41:43","slug":"die-info","status":"publish","type":"page","link":"https:\/\/sainte-catherine.ch\/de\/infos\/","title":{"rendered":"DIE INFO"},"content":{"rendered":"<p>[et_pb_section fb_built=\u00a0\u00bb1&Prime; admin_label=\u00a0\u00bbTextes informations\u00a0\u00bb _builder_version=\u00a0\u00bb4.19.0&Prime; _module_preset=\u00a0\u00bbdefault\u00a0\u00bb background_image=\u00a0\u00bbhttps:\/\/www.sainte-catherine.ch\/wp-content\/uploads\/2021\/10\/background-only.png\u00a0\u00bb parallax=\u00a0\u00bbon\u00a0\u00bb parallax_method=\u00a0\u00bboff\u00a0\u00bb custom_padding=\u00a0\u00bb20px||0px||false|false\u00a0\u00bb top_divider_color=\u00a0\u00bb#540000&Prime; top_divider_flip=\u00a0\u00bbvertical\u00a0\u00bb bottom_divider_color=\u00a0\u00bb#f4f4f4&Prime; global_colors_info=\u00a0\u00bb{}\u00a0\u00bb][et_pb_row _builder_version=\u00a0\u00bb4.16&Prime; _module_preset=\u00a0\u00bbdefault\u00a0\u00bb width=\u00a0\u00bb90%\u00a0\u00bb max_width=\u00a0\u00bb2560px\u00a0\u00bb locked=\u00a0\u00bboff\u00a0\u00bb global_colors_info=\u00a0\u00bb{}\u00a0\u00bb][et_pb_column type=\u00a0\u00bb4_4&Prime; _builder_version=\u00a0\u00bb4.16&Prime; _module_preset=\u00a0\u00bbdefault\u00a0\u00bb global_colors_info=\u00a0\u00bb{}\u00a0\u00bb][et_pb_text disabled_on=\u00a0\u00bboff|off|off\u00a0\u00bb _builder_version=\u00a0\u00bb4.23.1&Prime; _module_preset=\u00a0\u00bbdefault\u00a0\u00bb header_font=\u00a0\u00bbStreetNov1||||||||\u00a0\u00bb header_text_align=\u00a0\u00bbcenter\u00a0\u00bb header_text_color=\u00a0\u00bb#FFFFFF\u00a0\u00bb header_font_size=\u00a0\u00bb160px\u00a0\u00bb header_2_font=\u00a0\u00bbStreetNov1||||||||\u00a0\u00bb header_2_text_align=\u00a0\u00bbcenter\u00a0\u00bb header_2_text_color=\u00a0\u00bb#FFFFFF\u00a0\u00bb header_2_font_size=\u00a0\u00bb80px\u00a0\u00bb transform_skew=\u00a0\u00bb0deg|-5deg\u00a0\u00bb transform_skew_linked=\u00a0\u00bboff\u00a0\u00bb custom_padding=\u00a0\u00bb||80px||false|false\u00a0\u00bb custom_padding_tablet=\u00a0\u00bb||20px||false|false\u00a0\u00bb custom_padding_phone=\u00a0\u00bb||0px||false|false\u00a0\u00bb custom_padding_last_edited=\u00a0\u00bbon|phone\u00a0\u00bb header_2_font_size_tablet=\u00a0\u00bb70px\u00a0\u00bb header_2_font_size_phone=\u00a0\u00bb36px\u00a0\u00bb header_2_font_size_last_edited=\u00a0\u00bbon|phone\u00a0\u00bb header_text_shadow_style=\u00a0\u00bbpreset4&Prime; header_text_shadow_horizontal_length=\u00a0\u00bb-0.08em\u00a0\u00bb header_text_shadow_color=\u00a0\u00bb#E02B20&Prime; header_2_text_shadow_style=\u00a0\u00bbpreset4&Prime; header_2_text_shadow_horizontal_length=\u00a0\u00bb0.01em\u00a0\u00bb header_2_text_shadow_color=\u00a0\u00bb#E02B20&Prime; global_colors_info=\u00a0\u00bb{}\u00a0\u00bb]<\/p>\n<h2>Informations utiles<\/h2>\n<p>[\/et_pb_text][\/et_pb_column][\/et_pb_row][et_pb_row column_structure=\u00a0\u00bb2_5,3_5&Prime; use_custom_gutter=\u00a0\u00bbon\u00a0\u00bb gutter_width=\u00a0\u00bb2&Prime; make_equal=\u00a0\u00bbon\u00a0\u00bb custom_padding_last_edited=\u00a0\u00bbon|phone\u00a0\u00bb admin_label=\u00a0\u00bbLigne ou\u00a0\u00bb _builder_version=\u00a0\u00bb4.23.1&Prime; _module_preset=\u00a0\u00bbdefault\u00a0\u00bb background_color=\u00a0\u00bbrgba(244,244,244,0.91)\u00a0\u00bb width_tablet=\u00a0\u00bb\u00a0\u00bb width_phone=\u00a0\u00bb90%\u00a0\u00bb width_last_edited=\u00a0\u00bbon|phone\u00a0\u00bb max_width=\u00a0\u00bb2560px\u00a0\u00bb custom_margin_tablet=\u00a0\u00bb\u00a0\u00bb custom_margin_phone=\u00a0\u00bb\u00a0\u00bb custom_margin_last_edited=\u00a0\u00bbon|phone\u00a0\u00bb custom_padding=\u00a0\u00bb86px|60px|0px|60px|false|true\u00a0\u00bb custom_padding_tablet=\u00a0\u00bb86px|60px||60px|false|true\u00a0\u00bb custom_padding_phone=\u00a0\u00bb20px|20px||20px|false|true\u00a0\u00bb global_colors_info=\u00a0\u00bb{}\u00a0\u00bb][et_pb_column type=\u00a0\u00bb2_5&Prime; _builder_version=\u00a0\u00bb4.17.4&Prime; _module_preset=\u00a0\u00bbdefault\u00a0\u00bb background_enable_image=\u00a0\u00bboff\u00a0\u00bb custom_padding=\u00a0\u00bb||||false|false\u00a0\u00bb global_colors_info=\u00a0\u00bb{}\u00a0\u00bb][et_pb_image src=\u00a0\u00bbhttps:\/\/www.sainte-catherine.ch\/wp-content\/uploads\/2022\/03\/Image1.png\u00a0\u00bb title_text=\u00a0\u00bbImage1&Prime; _builder_version=\u00a0\u00bb4.19.4&Prime; _module_preset=\u00a0\u00bbdefault\u00a0\u00bb global_colors_info=\u00a0\u00bb{}\u00a0\u00bb][\/et_pb_image][\/et_pb_column][et_pb_column type=\u00a0\u00bb3_5&Prime; _builder_version=\u00a0\u00bb4.17.4&Prime; _module_preset=\u00a0\u00bbdefault\u00a0\u00bb global_colors_info=\u00a0\u00bb{}\u00a0\u00bb][et_pb_text _builder_version=\u00a0\u00bb4.27.2&Prime; _module_preset=\u00a0\u00bbdefault\u00a0\u00bb text_font=\u00a0\u00bb|300|||||||\u00a0\u00bb text_text_color=\u00a0\u00bb#000000&Prime; header_2_font=\u00a0\u00bbOpen Sans|700|||||||\u00a0\u00bb custom_margin=\u00a0\u00bb0px||0px||false|false\u00a0\u00bb hover_enabled=\u00a0\u00bb0&Prime; global_colors_info=\u00a0\u00bb{}\u00a0\u00bb sticky_enabled=\u00a0\u00bb0&Prime;]<\/p>\n<h2>O\u00d9 ?<\/h2>\n<p>Plaine Bellevue &#8211; Route de la Plaine &#8211; Sierre<br \/>(Au sud des gares CFF et routi\u00e8re)<\/p>\n<h2>TARIFS \/ ENTR\u00c9E<\/h2>\n<p>L\u2019acc\u00e8s sur le site de la f\u00eate est gratuit sauf<br \/>vendredi d\u00e8s 19h : CHF 10.-<br \/>samedi d\u00e8s 19h : CHF 10.-<br \/>lundi d\u00e8s 18h : CHF 10.-<br \/>(PASS 3 jours : CHF 20.-)<\/p>\n<ul>\n<li>Fermeture des caisses \u00e0 2h le samedi matin et dimanche matin et 24h le lundi<br \/>D\u00e8s lors, il n&rsquo;y a plus d&rsquo;entr\u00e9e possible dans l&rsquo;enceinte de f\u00eate sauf muni d&rsquo;un bracelet d&rsquo;entr\u00e9e<\/li>\n<\/ul>\n<h2>HORAIRES D\u2019OUVERTURES<\/h2>\n<p>Vendredi 11h-17h R\u00e9serv\u00e9 Rendez-vous des a\u00een\u00e9s<br \/>17h-19h ferm\u00e9<br \/>19h-4h (fin du service \u00e0 3h30)<\/p>\n<p>Samedi\u00a0 \u00a019h-4h (fin du service \u00e0 3h30)<\/p>\n<p>Dimanche\u00a0 9h30-1h (fin du service \u00e0 0h30)<\/p>\n<p>Lundi\u00a0 \u00a0 \u00a0 11h-2h (fin du service \u00e0 1h30)<\/p>\n<h2>LIMITE D&rsquo;\u00c2GE<\/h2>\n<p>L&rsquo;entr\u00e9e de l&rsquo;enceinte de f\u00eate est interdite<br \/>d\u00e8s 20h : au moins de 16 ans<br \/>d\u00e8s 24h : au moins de 18 ans<\/p>\n<h2>VESTIAIRE<\/h2>\n<p>Un vestiaire surveill\u00e9 est pr\u00e9vu le vendredi, samedi et lundi d\u00e8s 19h \u2013 CHF 3.- \/ veste<\/p>\n<p>&nbsp;<\/p>\n<p>[\/et_pb_text][\/et_pb_column][\/et_pb_row][et_pb_row column_structure=\u00a0\u00bb2_5,3_5&Prime; use_custom_gutter=\u00a0\u00bbon\u00a0\u00bb gutter_width=\u00a0\u00bb2&Prime; make_equal=\u00a0\u00bbon\u00a0\u00bb custom_padding_last_edited=\u00a0\u00bbon|phone\u00a0\u00bb admin_label=\u00a0\u00bbLigne samaritains\u00a0\u00bb _builder_version=\u00a0\u00bb4.17.4&Prime; _module_preset=\u00a0\u00bbdefault\u00a0\u00bb background_color=\u00a0\u00bbrgba(244,244,244,0.91)\u00a0\u00bb width_tablet=\u00a0\u00bb\u00a0\u00bb width_phone=\u00a0\u00bb96%\u00a0\u00bb width_last_edited=\u00a0\u00bbon|phone\u00a0\u00bb max_width=\u00a0\u00bb2560px\u00a0\u00bb custom_padding=\u00a0\u00bb0px|60px||60px|false|true\u00a0\u00bb custom_padding_tablet=\u00a0\u00bb|60px||60px|false|true\u00a0\u00bb custom_padding_phone=\u00a0\u00bb|20px||20px|false|true\u00a0\u00bb global_colors_info=\u00a0\u00bb{}\u00a0\u00bb][et_pb_column type=\u00a0\u00bb2_5&Prime; _builder_version=\u00a0\u00bb4.17.4&Prime; _module_preset=\u00a0\u00bbdefault\u00a0\u00bb background_enable_image=\u00a0\u00bboff\u00a0\u00bb global_colors_info=\u00a0\u00bb{}\u00a0\u00bb][et_pb_text _builder_version=\u00a0\u00bb4.19.0&Prime; _module_preset=\u00a0\u00bbdefault\u00a0\u00bb text_font=\u00a0\u00bb|300|||||||\u00a0\u00bb text_text_color=\u00a0\u00bb#000000&Prime; header_2_font=\u00a0\u00bbOpen Sans|700|||||||\u00a0\u00bb custom_margin=\u00a0\u00bb0px||0px||false|false\u00a0\u00bb global_colors_info=\u00a0\u00bb{}\u00a0\u00bb]<\/p>\n<h2>ANIMAUX<\/h2>\n<p>Pour des raisons d&rsquo;hygi\u00e8ne, de s\u00e9curit\u00e9 et de bien-\u00eatre des animaux, la pr\u00e9sence de chiens ou de tout autre animal est interdite sur l&rsquo;ensemble du site de la f\u00eate durant les heures d&rsquo;ouverture<\/p>\n<h2>S\u00c9CURIT\u00c9 ET SAMARITAINS<\/h2>\n<p>Un service de s\u00e9curit\u00e9 et de samaritains est organis\u00e9 en accord avec les demandes officielles<strong><\/strong><\/p>\n<h2>PARKING<\/h2>\n<p>Le parking goudronn\u00e9 de la Plaine Bellevue est reserv\u00e9 aux d\u00e9tenteurs de vignettes, mais la partie herbeuse de la Plaine est gratuitement mise \u00e0 votre disposition<\/p>\n<h2>TRANSPORTS ORGANIS\u00c9S<\/h2>\n<p>Suite \u00e0 la baisse continuelle de fr\u00e9quentation ces derni\u00e8res ann\u00e9es, il a \u00e9t\u00e9 d\u00e9cid\u00e9 de ne plus assurer de transports organis\u00e9s. D\u00e9sol\u00e9.<\/p>\n<p>[\/et_pb_text][\/et_pb_column][et_pb_column type=\u00a0\u00bb3_5&Prime; _builder_version=\u00a0\u00bb4.17.4&Prime; _module_preset=\u00a0\u00bbdefault\u00a0\u00bb background_enable_image=\u00a0\u00bboff\u00a0\u00bb custom_padding=\u00a0\u00bb||||false|false\u00a0\u00bb global_colors_info=\u00a0\u00bb{}\u00a0\u00bb][et_pb_text _builder_version=\u00a0\u00bb4.22.1&Prime; _module_preset=\u00a0\u00bbdefault\u00a0\u00bb text_font=\u00a0\u00bb|300|||||||\u00a0\u00bb text_text_color=\u00a0\u00bb#000000&Prime; header_2_font=\u00a0\u00bbOpen Sans|700|||||||\u00a0\u00bb custom_margin=\u00a0\u00bb0px||0px||false|false\u00a0\u00bb locked=\u00a0\u00bboff\u00a0\u00bb global_colors_info=\u00a0\u00bb{}\u00a0\u00bb]<\/p>\n<h2>NOURRITURE ET BOISSONS<\/h2>\n<p>Sous la tente de f\u00eate vous trouverez 11 stands pour vous restaurer et \u00e0 l\u2019ext\u00e9rieur les traditionnels forains, leurs man\u00e8ges et attractions. De ce fait, il est interdit d\u2019apporter de la nourriture et des boissons depuis l\u2019ext\u00e9rieur, celles-ci pourront \u00eatre confisqu\u00e9es par le service de s\u00e9curit\u00e9.<a href=\"mailto:info@sainte-catherine.ch\"><\/a><\/p>\n<h2>EMAIL<\/h2>\n<p><a href=\"mailto:info@sainte-catherine.ch\">info@sainte-catherine.ch<\/a><\/p>\n<p style=\"padding-left: 40px;\"><span style=\"text-decoration: underline;\"><span style=\"color: #ff0000; text-decoration: underline;\"><strong>IMPORTANT<\/strong><\/span><\/span> : <em>si votre email concerne le march\u00e9\/Foire de la Sainte-Catherine et non la F\u00eate,<br \/>veuillez l\u2019adresser \u00e0 info@prvc.ch<\/em><\/p>\n<p>&nbsp;<\/p>\n<p>[\/et_pb_text][\/et_pb_column][\/et_pb_row][et_pb_row _builder_version=\u00a0\u00bb4.16&Prime; _module_preset=\u00a0\u00bbdefault\u00a0\u00bb background_enable_image=\u00a0\u00bboff\u00a0\u00bb custom_margin=\u00a0\u00bb||0px||false|false\u00a0\u00bb custom_padding=\u00a0\u00bb||93px|||\u00a0\u00bb global_colors_info=\u00a0\u00bb{}\u00a0\u00bb][et_pb_column type=\u00a0\u00bb4_4&Prime; _builder_version=\u00a0\u00bb4.16&Prime; _module_preset=\u00a0\u00bbdefault\u00a0\u00bb global_colors_info=\u00a0\u00bb{}\u00a0\u00bb][et_pb_divider show_divider=\u00a0\u00bboff\u00a0\u00bb _builder_version=\u00a0\u00bb4.16&Prime; _module_preset=\u00a0\u00bbdefault\u00a0\u00bb global_colors_info=\u00a0\u00bb{}\u00a0\u00bb][\/et_pb_divider][\/et_pb_column][\/et_pb_row][\/et_pb_section]<\/p>\n","protected":false},"excerpt":{"rendered":"<p>Informations utilesO\u00d9 ? Plaine Bellevue &#8211; Route de la Plaine &#8211; Sierre(Au sud des gares CFF et routi\u00e8re) TARIFS \/ ENTR\u00c9E L\u2019acc\u00e8s sur le site de la f\u00eate est gratuit saufvendredi d\u00e8s 19h : CHF 10.-samedi d\u00e8s 19h : CHF 10.-lundi d\u00e8s 18h : CHF 10.-(PASS 3 jours : CHF 20.-) Fermeture des caisses \u00e0 [&hellip;]<\/p>\n","protected":false},"author":3,"featured_media":0,"parent":0,"menu_order":20,"comment_status":"closed","ping_status":"closed","template":"","meta":{"_et_pb_use_builder":"on","_et_pb_old_content":"<!-- wp:divi\/placeholder \/-->","_et_gb_content_width":"","footnotes":""},"class_list":["post-7","page","type-page","status-publish","hentry"],"yoast_head":"<!-- This site is optimized with the Yoast SEO plugin v27.5 - https:\/\/yoast.com\/product\/yoast-seo-wordpress\/ -->\n<title>F\u00eate de la St Catherine - Sierre<\/title>\n<meta name=\"description\" content=\"La f\u00eate de la Sainte-Catherine vous propose un week-end festif \u00e0 Sierre. Au programme : concerts, divertissements et \u00e9lection de la Catherinette. Stands de nourriture et de boissons sur place. Parking et transports publics \u00e0 proximit\u00e9.\" \/>\n<meta name=\"robots\" content=\"index, follow, max-snippet:-1, max-image-preview:large, max-video-preview:-1\" \/>\n<link rel=\"canonical\" href=\"https:\/\/sainte-catherine.ch\/de\/die-info\/\" \/>\n<meta property=\"og:locale\" content=\"de_DE\" \/>\n<meta property=\"og:type\" content=\"article\" \/>\n<meta property=\"og:title\" content=\"F\u00eate de la St Catherine - Sierre\" \/>\n<meta property=\"og:description\" content=\"La f\u00eate de la Sainte-Catherine vous propose un week-end festif \u00e0 Sierre. Au programme : concerts, divertissements et \u00e9lection de la Catherinette. Stands de nourriture et de boissons sur place. Parking et transports publics \u00e0 proximit\u00e9.\" \/>\n<meta property=\"og:url\" content=\"https:\/\/sainte-catherine.ch\/de\/die-info\/\" \/>\n<meta property=\"og:site_name\" content=\"F\u00eate de la St Catherine\" \/>\n<meta property=\"article:modified_time\" content=\"2024-10-30T14:41:43+00:00\" \/>\n<meta name=\"twitter:card\" content=\"summary_large_image\" \/>\n<meta name=\"twitter:label1\" content=\"Gesch\u00e4tzte Lesezeit\" \/>\n\t<meta name=\"twitter:data1\" content=\"5\u00a0Minuten\" \/>\n<script type=\"application\/ld+json\" class=\"yoast-schema-graph\">{\"@context\":\"https:\\\/\\\/schema.org\",\"@graph\":[{\"@type\":\"WebPage\",\"@id\":\"https:\\\/\\\/sainte-catherine.ch\\\/infos\\\/\",\"url\":\"https:\\\/\\\/sainte-catherine.ch\\\/infos\\\/\",\"name\":\"F\u00eate de la St Catherine - Sierre\",\"isPartOf\":{\"@id\":\"https:\\\/\\\/sainte-catherine.ch\\\/#website\"},\"datePublished\":\"2021-04-03T19:08:00+00:00\",\"dateModified\":\"2024-10-30T14:41:43+00:00\",\"description\":\"La f\u00eate de la Sainte-Catherine vous propose un week-end festif \u00e0 Sierre. Au programme : concerts, divertissements et \u00e9lection de la Catherinette. Stands de nourriture et de boissons sur place. Parking et transports publics \u00e0 proximit\u00e9.\",\"breadcrumb\":{\"@id\":\"https:\\\/\\\/sainte-catherine.ch\\\/infos\\\/#breadcrumb\"},\"inLanguage\":\"de-CH\",\"potentialAction\":[{\"@type\":\"ReadAction\",\"target\":[\"https:\\\/\\\/sainte-catherine.ch\\\/infos\\\/\"]}]},{\"@type\":\"BreadcrumbList\",\"@id\":\"https:\\\/\\\/sainte-catherine.ch\\\/infos\\\/#breadcrumb\",\"itemListElement\":[{\"@type\":\"ListItem\",\"position\":1,\"name\":\"Accueil\",\"item\":\"https:\\\/\\\/sainte-catherine.ch\\\/\"},{\"@type\":\"ListItem\",\"position\":2,\"name\":\"INFOS\"}]},{\"@type\":\"WebSite\",\"@id\":\"https:\\\/\\\/sainte-catherine.ch\\\/#website\",\"url\":\"https:\\\/\\\/sainte-catherine.ch\\\/\",\"name\":\"F\u00eate de la St Catherine\",\"description\":\"La Sainte-Catherine fait son come-back \u00e0 la plaine Bellevue\",\"publisher\":{\"@id\":\"https:\\\/\\\/sainte-catherine.ch\\\/#organization\"},\"potentialAction\":[{\"@type\":\"SearchAction\",\"target\":{\"@type\":\"EntryPoint\",\"urlTemplate\":\"https:\\\/\\\/sainte-catherine.ch\\\/?s={search_term_string}\"},\"query-input\":{\"@type\":\"PropertyValueSpecification\",\"valueRequired\":true,\"valueName\":\"search_term_string\"}}],\"inLanguage\":\"de-CH\"},{\"@type\":\"Organization\",\"@id\":\"https:\\\/\\\/sainte-catherine.ch\\\/#organization\",\"name\":\"F\u00eate de la Sainte-Catherine de Sierre\",\"url\":\"https:\\\/\\\/sainte-catherine.ch\\\/\",\"logo\":{\"@type\":\"ImageObject\",\"inLanguage\":\"de-CH\",\"@id\":\"https:\\\/\\\/sainte-catherine.ch\\\/#\\\/schema\\\/logo\\\/image\\\/\",\"url\":\"https:\\\/\\\/www.sainte-catherine.ch\\\/wp-content\\\/uploads\\\/2022\\\/03\\\/Image1.png\",\"contentUrl\":\"https:\\\/\\\/www.sainte-catherine.ch\\\/wp-content\\\/uploads\\\/2022\\\/03\\\/Image1.png\",\"width\":368,\"height\":477,\"caption\":\"F\u00eate de la Sainte-Catherine de Sierre\"},\"image\":{\"@id\":\"https:\\\/\\\/sainte-catherine.ch\\\/#\\\/schema\\\/logo\\\/image\\\/\"}}]}<\/script>\n<!-- \/ Yoast SEO plugin. -->","yoast_head_json":{"title":"Katharinentag - Sierre","description":"Das Sainte-Catherine-Festival bietet Ihnen ein festliches Wochenende in Sierre. Auf dem Programm: Konzerte, Unterhaltung und Wahl der Catherinette. Essens- und Getr\u00e4nkest\u00e4nde vor Ort. Parkpl\u00e4tze und \u00f6ffentliche Verkehrsmittel in der N\u00e4he.","robots":{"index":"index","follow":"follow","max-snippet":"max-snippet:-1","max-image-preview":"max-image-preview:large","max-video-preview":"max-video-preview:-1"},"canonical":"https:\/\/sainte-catherine.ch\/de\/die-info\/","og_locale":"de_DE","og_type":"article","og_title":"F\u00eate de la St Catherine - Sierre","og_description":"La f\u00eate de la Sainte-Catherine vous propose un week-end festif \u00e0 Sierre. Au programme : concerts, divertissements et \u00e9lection de la Catherinette. Stands de nourriture et de boissons sur place. Parking et transports publics \u00e0 proximit\u00e9.","og_url":"https:\/\/sainte-catherine.ch\/de\/die-info\/","og_site_name":"F\u00eate de la St Catherine","article_modified_time":"2024-10-30T14:41:43+00:00","twitter_card":"summary_large_image","twitter_misc":{"Gesch\u00e4tzte Lesezeit":"5\u00a0Minuten"},"schema":{"@context":"https:\/\/schema.org","@graph":[{"@type":"WebPage","@id":"https:\/\/sainte-catherine.ch\/infos\/","url":"https:\/\/sainte-catherine.ch\/infos\/","name":"Katharinentag - Sierre","isPartOf":{"@id":"https:\/\/sainte-catherine.ch\/#website"},"datePublished":"2021-04-03T19:08:00+00:00","dateModified":"2024-10-30T14:41:43+00:00","description":"Das Sainte-Catherine-Festival bietet Ihnen ein festliches Wochenende in Sierre. Auf dem Programm: Konzerte, Unterhaltung und Wahl der Catherinette. Essens- und Getr\u00e4nkest\u00e4nde vor Ort. Parkpl\u00e4tze und \u00f6ffentliche Verkehrsmittel in der N\u00e4he.","breadcrumb":{"@id":"https:\/\/sainte-catherine.ch\/infos\/#breadcrumb"},"inLanguage":"de-CH","potentialAction":[{"@type":"ReadAction","target":["https:\/\/sainte-catherine.ch\/infos\/"]}]},{"@type":"BreadcrumbList","@id":"https:\/\/sainte-catherine.ch\/infos\/#breadcrumb","itemListElement":[{"@type":"ListItem","position":1,"name":"Accueil","item":"https:\/\/sainte-catherine.ch\/"},{"@type":"ListItem","position":2,"name":"INFOS"}]},{"@type":"WebSite","@id":"https:\/\/sainte-catherine.ch\/#website","url":"https:\/\/sainte-catherine.ch\/","name":"Katharinentag","description":"Die Sainte-Catherine kehrt in die Bellevue-Ebene zur\u00fcck","publisher":{"@id":"https:\/\/sainte-catherine.ch\/#organization"},"potentialAction":[{"@type":"SearchAction","target":{"@type":"EntryPoint","urlTemplate":"https:\/\/sainte-catherine.ch\/?s={search_term_string}"},"query-input":{"@type":"PropertyValueSpecification","valueRequired":true,"valueName":"search_term_string"}}],"inLanguage":"de-CH"},{"@type":"Organization","@id":"https:\/\/sainte-catherine.ch\/#organization","name":"Fest der Heiligen Katharina von Sierre","url":"https:\/\/sainte-catherine.ch\/","logo":{"@type":"ImageObject","inLanguage":"de-CH","@id":"https:\/\/sainte-catherine.ch\/#\/schema\/logo\/image\/","url":"https:\/\/www.sainte-catherine.ch\/wp-content\/uploads\/2022\/03\/Image1.png","contentUrl":"https:\/\/www.sainte-catherine.ch\/wp-content\/uploads\/2022\/03\/Image1.png","width":368,"height":477,"caption":"F\u00eate de la Sainte-Catherine de Sierre"},"image":{"@id":"https:\/\/sainte-catherine.ch\/#\/schema\/logo\/image\/"}}]}},"_links":{"self":[{"href":"https:\/\/sainte-catherine.ch\/de\/wp-json\/wp\/v2\/pages\/7","targetHints":{"allow":["GET"]}}],"collection":[{"href":"https:\/\/sainte-catherine.ch\/de\/wp-json\/wp\/v2\/pages"}],"about":[{"href":"https:\/\/sainte-catherine.ch\/de\/wp-json\/wp\/v2\/types\/page"}],"author":[{"embeddable":true,"href":"https:\/\/sainte-catherine.ch\/de\/wp-json\/wp\/v2\/users\/3"}],"replies":[{"embeddable":true,"href":"https:\/\/sainte-catherine.ch\/de\/wp-json\/wp\/v2\/comments?post=7"}],"version-history":[{"count":71,"href":"https:\/\/sainte-catherine.ch\/de\/wp-json\/wp\/v2\/pages\/7\/revisions"}],"predecessor-version":[{"id":1046,"href":"https:\/\/sainte-catherine.ch\/de\/wp-json\/wp\/v2\/pages\/7\/revisions\/1046"}],"wp:attachment":[{"href":"https:\/\/sainte-catherine.ch\/de\/wp-json\/wp\/v2\/media?parent=7"}],"curies":[{"name":"wp","href":"https:\/\/api.w.org\/{rel}","templated":true}]}}