{"id":791,"date":"2022-11-08T21:33:00","date_gmt":"2022-11-08T20:33:00","guid":{"rendered":"https:\/\/www.sainte-catherine.ch\/?page_id=791"},"modified":"2025-12-23T13:28:28","modified_gmt":"2025-12-23T12:28:28","slug":"stands","status":"publish","type":"page","link":"https:\/\/sainte-catherine.ch\/de\/stands\/","title":{"rendered":"STANDS"},"content":{"rendered":"<p>[et_pb_section fb_built=\u00a0\u00bb1&Prime; custom_padding_last_edited=\u00a0\u00bbon|desktop\u00a0\u00bb next_background_color=\u00a0\u00bb#f4f4f4&Prime; _builder_version=\u00a0\u00bb4.19.0&Prime; _module_preset=\u00a0\u00bbdefault\u00a0\u00bb background_image=\u00a0\u00bbhttps:\/\/www.sainte-catherine.ch\/wp-content\/uploads\/2021\/10\/background-only.png\u00a0\u00bb parallax=\u00a0\u00bbon\u00a0\u00bb parallax_method=\u00a0\u00bboff\u00a0\u00bb custom_padding=\u00a0\u00bb20px||300px||false|false\u00a0\u00bb custom_padding_tablet=\u00a0\u00bb40px||350px||false|false\u00a0\u00bb custom_padding_phone=\u00a0\u00bb0px||250px||false|false\u00a0\u00bb bottom_divider_style=\u00a0\u00bbwaves\u00a0\u00bb global_colors_info=\u00a0\u00bb{}\u00a0\u00bb][et_pb_row _builder_version=\u00a0\u00bb4.16&Prime; _module_preset=\u00a0\u00bbdefault\u00a0\u00bb width=\u00a0\u00bb90%\u00a0\u00bb max_width=\u00a0\u00bb2560px\u00a0\u00bb global_colors_info=\u00a0\u00bb{}\u00a0\u00bb][et_pb_column type=\u00a0\u00bb4_4&Prime; _builder_version=\u00a0\u00bb4.16&Prime; _module_preset=\u00a0\u00bbdefault\u00a0\u00bb global_colors_info=\u00a0\u00bb{}\u00a0\u00bb][et_pb_text disabled_on=\u00a0\u00bboff|off|off\u00a0\u00bb _builder_version=\u00a0\u00bb4.23.1&Prime; _module_preset=\u00a0\u00bbdefault\u00a0\u00bb header_font=\u00a0\u00bbStreetNov1||||||||\u00a0\u00bb header_text_align=\u00a0\u00bbcenter\u00a0\u00bb header_text_color=\u00a0\u00bb#FFFFFF\u00a0\u00bb header_font_size=\u00a0\u00bb160px\u00a0\u00bb header_2_font=\u00a0\u00bbStreetNov1||||||||\u00a0\u00bb header_2_text_align=\u00a0\u00bbcenter\u00a0\u00bb header_2_text_color=\u00a0\u00bb#FFFFFF\u00a0\u00bb header_2_font_size=\u00a0\u00bb80px\u00a0\u00bb transform_skew=\u00a0\u00bb0deg|-5deg\u00a0\u00bb transform_skew_linked=\u00a0\u00bboff\u00a0\u00bb custom_padding=\u00a0\u00bb||80px||false|false\u00a0\u00bb custom_padding_tablet=\u00a0\u00bb||0px||false|false\u00a0\u00bb custom_padding_phone=\u00a0\u00bb||0px||false|false\u00a0\u00bb custom_padding_last_edited=\u00a0\u00bbon|phone\u00a0\u00bb header_2_font_size_tablet=\u00a0\u00bb70px\u00a0\u00bb header_2_font_size_phone=\u00a0\u00bb36px\u00a0\u00bb header_2_font_size_last_edited=\u00a0\u00bbon|phone\u00a0\u00bb header_text_shadow_style=\u00a0\u00bbpreset4&Prime; header_text_shadow_horizontal_length=\u00a0\u00bb-0.08em\u00a0\u00bb header_text_shadow_color=\u00a0\u00bb#E02B20&Prime; header_2_text_shadow_style=\u00a0\u00bbpreset4&Prime; header_2_text_shadow_horizontal_length=\u00a0\u00bb0.01em\u00a0\u00bb header_2_text_shadow_color=\u00a0\u00bb#E02B20&Prime; global_colors_info=\u00a0\u00bb{}\u00a0\u00bb]<\/p>\n<h2>Les stands<\/h2>\n<p>[\/et_pb_text][\/et_pb_column][\/et_pb_row][et_pb_row custom_padding_last_edited=\u00a0\u00bbon|phone\u00a0\u00bb disabled_on=\u00a0\u00bboff|off|off\u00a0\u00bb module_id=\u00a0\u00bbpartenaires\u00a0\u00bb _builder_version=\u00a0\u00bb4.23.1&Prime; _module_preset=\u00a0\u00bbdefault\u00a0\u00bb background_color=\u00a0\u00bb#FFFFFF\u00a0\u00bb background_enable_image=\u00a0\u00bboff\u00a0\u00bb width=\u00a0\u00bb70%\u00a0\u00bb width_tablet=\u00a0\u00bb90%\u00a0\u00bb width_phone=\u00a0\u00bb90%\u00a0\u00bb width_last_edited=\u00a0\u00bbon|tablet\u00a0\u00bb max_width=\u00a0\u00bb2560px\u00a0\u00bb custom_margin=\u00a0\u00bb0px|auto|0px|auto|false|false\u00a0\u00bb custom_margin_tablet=\u00a0\u00bb\u00a0\u00bb custom_margin_phone=\u00a0\u00bb0px|auto||auto|false|false\u00a0\u00bb custom_margin_last_edited=\u00a0\u00bbon|phone\u00a0\u00bb custom_padding=\u00a0\u00bb30px||20px||false|false\u00a0\u00bb custom_padding_tablet=\u00a0\u00bb20px|40px||40px|false|true\u00a0\u00bb custom_padding_phone=\u00a0\u00bb0px|20px||20px|false|true\u00a0\u00bb box_shadow_style=\u00a0\u00bbpreset1&Prime; locked=\u00a0\u00bboff\u00a0\u00bb global_colors_info=\u00a0\u00bb{}\u00a0\u00bb][et_pb_column type=\u00a0\u00bb4_4&Prime; _builder_version=\u00a0\u00bb4.16&Prime; _module_preset=\u00a0\u00bbdefault\u00a0\u00bb custom_padding=\u00a0\u00bb||||false|false\u00a0\u00bb global_colors_info=\u00a0\u00bb{}\u00a0\u00bb][et_pb_text _builder_version=\u00a0\u00bb4.19.0&Prime; _module_preset=\u00a0\u00bbdefault\u00a0\u00bb header_2_font=\u00a0\u00bbArial||||on||||\u00a0\u00bb header_2_text_align=\u00a0\u00bbcenter\u00a0\u00bb header_2_font_size=\u00a0\u00bb30px\u00a0\u00bb custom_margin=\u00a0\u00bb30px|||||\u00a0\u00bb global_colors_info=\u00a0\u00bb{}\u00a0\u00bb]<\/p>\n<h2>Sous la tente de f\u00eate, pour vous accueillir et vous servir<\/h2>\n<p>[\/et_pb_text][\/et_pb_column][\/et_pb_row][et_pb_row column_structure=\u00a0\u00bb1_2,1_2&Prime; disabled_on=\u00a0\u00bboff|off|off\u00a0\u00bb module_id=\u00a0\u00bbpartenaires\u00a0\u00bb _builder_version=\u00a0\u00bb4.19.0&Prime; _module_preset=\u00a0\u00bbdefault\u00a0\u00bb background_color=\u00a0\u00bb#FFFFFF\u00a0\u00bb background_enable_image=\u00a0\u00bboff\u00a0\u00bb width=\u00a0\u00bb70%\u00a0\u00bb width_tablet=\u00a0\u00bb90%\u00a0\u00bb width_phone=\u00a0\u00bb90%\u00a0\u00bb width_last_edited=\u00a0\u00bbon|tablet\u00a0\u00bb max_width=\u00a0\u00bb2560px\u00a0\u00bb custom_margin=\u00a0\u00bb0px|auto||auto|false|false\u00a0\u00bb custom_margin_tablet=\u00a0\u00bb\u00a0\u00bb custom_margin_phone=\u00a0\u00bb0px|auto||auto|false|false\u00a0\u00bb custom_margin_last_edited=\u00a0\u00bbon|phone\u00a0\u00bb custom_padding=\u00a0\u00bb21px||0px||false|false\u00a0\u00bb locked=\u00a0\u00bboff\u00a0\u00bb global_colors_info=\u00a0\u00bb{}\u00a0\u00bb][et_pb_column type=\u00a0\u00bb1_2&Prime; _builder_version=\u00a0\u00bb4.16&Prime; _module_preset=\u00a0\u00bbdefault\u00a0\u00bb custom_padding=\u00a0\u00bb||||false|false\u00a0\u00bb global_colors_info=\u00a0\u00bb{}\u00a0\u00bb][et_pb_text _builder_version=\u00a0\u00bb4.27.5&Prime; _module_preset=\u00a0\u00bbdefault\u00a0\u00bb text_font=\u00a0\u00bbArial||||||||\u00a0\u00bb header_2_font=\u00a0\u00bbArial||||||||\u00a0\u00bb header_2_text_align=\u00a0\u00bbcenter\u00a0\u00bb header_2_font_size=\u00a0\u00bb30px\u00a0\u00bb header_3_font=\u00a0\u00bbArial||||||||\u00a0\u00bb custom_padding=\u00a0\u00bb||70px|100px|false|false\u00a0\u00bb custom_padding_tablet=\u00a0\u00bb||70px|100px|false|false\u00a0\u00bb custom_padding_phone=\u00a0\u00bb||0px|20px|false|false\u00a0\u00bb custom_padding_last_edited=\u00a0\u00bbon|phone\u00a0\u00bb hover_enabled=\u00a0\u00bb0&Prime; global_colors_info=\u00a0\u00bb{}\u00a0\u00bb sticky_enabled=\u00a0\u00bb0&Prime;]<\/p>\n<h3>Domaines Chevaliers<\/h3>\n<p>Les crus de la cave<\/p>\n<h3>ChouxCot<\/h3>\n<p>Restauration : choucroute royale, poulet, nuggets, frites<\/p>\n<h3>Brasserie Le National<\/h3>\n<p>Restauration :hu\u00eetres, cheeseburger, tartare de b\u0153uf<\/p>\n<h3>Brasserie Hoppy People<\/h3>\n<p>Les bi\u00e8res de la marque<\/p>\n<h3>Domaine des Cr\u00eates &amp; Caves du Paradis<\/h3>\n<p>Les crus des deux caves<\/p>\n<h3>Bar le Comptoir<\/h3>\n<p>Les spiritueux, whisky, cocktail<\/p>\n<p>[\/et_pb_text][\/et_pb_column][et_pb_column type=\u00a0\u00bb1_2&Prime; _builder_version=\u00a0\u00bb4.16&Prime; _module_preset=\u00a0\u00bbdefault\u00a0\u00bb custom_padding=\u00a0\u00bb||||false|false\u00a0\u00bb global_colors_info=\u00a0\u00bb{}\u00a0\u00bb][et_pb_text _builder_version=\u00a0\u00bb4.27.5&Prime; _module_preset=\u00a0\u00bbdefault\u00a0\u00bb header_2_font=\u00a0\u00bb||||||||\u00a0\u00bb header_2_text_align=\u00a0\u00bbcenter\u00a0\u00bb header_2_font_size=\u00a0\u00bb30px\u00a0\u00bb header_3_font=\u00a0\u00bbArial||||||||\u00a0\u00bb custom_padding=\u00a0\u00bb||70px|100px|false|false\u00a0\u00bb custom_padding_tablet=\u00a0\u00bb||70px|100px|false|false\u00a0\u00bb custom_padding_phone=\u00a0\u00bb||0px|20px|false|false\u00a0\u00bb custom_padding_last_edited=\u00a0\u00bbon|phone\u00a0\u00bb hover_enabled=\u00a0\u00bb0&Prime; global_colors_info=\u00a0\u00bb{}\u00a0\u00bb sticky_enabled=\u00a0\u00bb0&Prime;]<\/p>\n<h3>Le Ch\u00e2teau de Villa<\/h3>\n<p>Les crus des vignerons-encaveurs sierrois &amp; la raclette et le Racl\u2019Sandwich<\/p>\n<h3>Chez Francesca<\/h3>\n<p>Restauration\u00a0: P\u00e2tes, pizza, caf\u00e9 \u2013 dessert<\/p>\n<h3>Pub le Britannia<\/h3>\n<p>Diff\u00e9rentes bi\u00e8res d\u2019ici<\/p>\n<h3>Cave des Bouquetins<\/h3>\n<p>Les crus de la cave, cidre<\/p>\n<h3>Le l\u00e9gendaire Blues Bar<\/h3>\n<p>Les spiritueux, cocktails, Clarette de Die, J\u00e4gerbomb<\/p>\n<p>[\/et_pb_text][\/et_pb_column][\/et_pb_row][et_pb_row disabled_on=\u00a0\u00bboff|off|off\u00a0\u00bb module_id=\u00a0\u00bbpartenaires\u00a0\u00bb _builder_version=\u00a0\u00bb4.19.0&Prime; _module_preset=\u00a0\u00bbdefault\u00a0\u00bb background_color=\u00a0\u00bb#FFFFFF\u00a0\u00bb background_enable_image=\u00a0\u00bboff\u00a0\u00bb width=\u00a0\u00bb70%\u00a0\u00bb width_tablet=\u00a0\u00bb90%\u00a0\u00bb width_phone=\u00a0\u00bb90%\u00a0\u00bb width_last_edited=\u00a0\u00bbon|tablet\u00a0\u00bb max_width=\u00a0\u00bb2560px\u00a0\u00bb custom_margin=\u00a0\u00bb0px|auto|0px|auto|false|false\u00a0\u00bb custom_margin_tablet=\u00a0\u00bb\u00a0\u00bb custom_margin_phone=\u00a0\u00bb0px|auto||auto|false|false\u00a0\u00bb custom_margin_last_edited=\u00a0\u00bbon|phone\u00a0\u00bb custom_padding=\u00a0\u00bb30px||20px||false|false\u00a0\u00bb border_width_top=\u00a0\u00bb1px\u00a0\u00bb locked=\u00a0\u00bboff\u00a0\u00bb global_colors_info=\u00a0\u00bb{}\u00a0\u00bb][et_pb_column type=\u00a0\u00bb4_4&Prime; _builder_version=\u00a0\u00bb4.16&Prime; _module_preset=\u00a0\u00bbdefault\u00a0\u00bb custom_padding=\u00a0\u00bb||||false|false\u00a0\u00bb global_colors_info=\u00a0\u00bb{}\u00a0\u00bb][et_pb_text _builder_version=\u00a0\u00bb4.23.1&Prime; _module_preset=\u00a0\u00bbdefault\u00a0\u00bb header_2_font=\u00a0\u00bbArial||||||||\u00a0\u00bb header_2_text_align=\u00a0\u00bbcenter\u00a0\u00bb header_2_font_size=\u00a0\u00bb30px\u00a0\u00bb custom_padding_tablet=\u00a0\u00bb\u00a0\u00bb custom_padding_phone=\u00a0\u00bb|10px||10px|false|true\u00a0\u00bb custom_padding_last_edited=\u00a0\u00bbon|phone\u00a0\u00bb global_colors_info=\u00a0\u00bb{}\u00a0\u00bb]<\/p>\n<h2>Et \u00e0 l\u2019ext\u00e9rieur de la tente, les traditionnels forains avec leurs man\u00e8ges et attractions<\/h2>\n<p>[\/et_pb_text][\/et_pb_column][\/et_pb_row][\/et_pb_section]<\/p>\n","protected":false},"excerpt":{"rendered":"<p>Les standsSous la tente de f\u00eate, pour vous accueillir et vous servirDomaines Chevaliers Les crus de la cave ChouxCot Restauration : choucroute royale, poulet, nuggets, frites Brasserie Le National Restauration :hu\u00eetres, cheeseburger, tartare de b\u0153uf Brasserie Hoppy People Les bi\u00e8res de la marque Domaine des Cr\u00eates &amp; Caves du Paradis Les crus des deux caves [&hellip;]<\/p>\n","protected":false},"author":3,"featured_media":0,"parent":0,"menu_order":60,"comment_status":"closed","ping_status":"closed","template":"","meta":{"_et_pb_use_builder":"on","_et_pb_old_content":"<!-- wp:divi\/placeholder \/-->","_et_gb_content_width":"","footnotes":""},"class_list":["post-791","page","type-page","status-publish","hentry"],"yoast_head":"<!-- This site is optimized with the Yoast SEO plugin v27.6 - https:\/\/yoast.com\/product\/yoast-seo-wordpress\/ -->\n<title>F\u00eate de la St Catherine - Sierre<\/title>\n<meta name=\"description\" content=\"La f\u00eate de la Sainte-Catherine vous propose un week-end festif \u00e0 Sierre. Au programme : concerts, divertissements et \u00e9lection de la Catherinette. Stands de nourriture et de boissons sur place. Parking et transports publics \u00e0 proximit\u00e9.\" \/>\n<meta name=\"robots\" content=\"index, follow, max-snippet:-1, max-image-preview:large, max-video-preview:-1\" \/>\n<link rel=\"canonical\" href=\"https:\/\/sainte-catherine.ch\/de\/stands\/\" \/>\n<meta property=\"og:locale\" content=\"de_DE\" \/>\n<meta property=\"og:type\" content=\"article\" \/>\n<meta property=\"og:title\" content=\"F\u00eate de la St Catherine - Sierre\" \/>\n<meta property=\"og:description\" content=\"La f\u00eate de la Sainte-Catherine vous propose un week-end festif \u00e0 Sierre. Au programme : concerts, divertissements et \u00e9lection de la Catherinette. Stands de nourriture et de boissons sur place. Parking et transports publics \u00e0 proximit\u00e9.\" \/>\n<meta property=\"og:url\" content=\"https:\/\/sainte-catherine.ch\/de\/stands\/\" \/>\n<meta property=\"og:site_name\" content=\"F\u00eate de la St Catherine\" \/>\n<meta property=\"article:modified_time\" content=\"2025-12-23T12:28:28+00:00\" \/>\n<meta name=\"twitter:card\" content=\"summary_large_image\" \/>\n<meta name=\"twitter:label1\" content=\"Gesch\u00e4tzte Lesezeit\" \/>\n\t<meta name=\"twitter:data1\" content=\"4\u00a0Minuten\" \/>\n<script type=\"application\/ld+json\" class=\"yoast-schema-graph\">{\"@context\":\"https:\\\/\\\/schema.org\",\"@graph\":[{\"@type\":\"WebPage\",\"@id\":\"https:\\\/\\\/sainte-catherine.ch\\\/stands\\\/\",\"url\":\"https:\\\/\\\/sainte-catherine.ch\\\/stands\\\/\",\"name\":\"F\u00eate de la St Catherine - Sierre\",\"isPartOf\":{\"@id\":\"https:\\\/\\\/sainte-catherine.ch\\\/#website\"},\"datePublished\":\"2022-11-08T20:33:00+00:00\",\"dateModified\":\"2025-12-23T12:28:28+00:00\",\"description\":\"La f\u00eate de la Sainte-Catherine vous propose un week-end festif \u00e0 Sierre. Au programme : concerts, divertissements et \u00e9lection de la Catherinette. Stands de nourriture et de boissons sur place. Parking et transports publics \u00e0 proximit\u00e9.\",\"breadcrumb\":{\"@id\":\"https:\\\/\\\/sainte-catherine.ch\\\/stands\\\/#breadcrumb\"},\"inLanguage\":\"de-CH\",\"potentialAction\":[{\"@type\":\"ReadAction\",\"target\":[\"https:\\\/\\\/sainte-catherine.ch\\\/stands\\\/\"]}]},{\"@type\":\"BreadcrumbList\",\"@id\":\"https:\\\/\\\/sainte-catherine.ch\\\/stands\\\/#breadcrumb\",\"itemListElement\":[{\"@type\":\"ListItem\",\"position\":1,\"name\":\"Accueil\",\"item\":\"https:\\\/\\\/sainte-catherine.ch\\\/\"},{\"@type\":\"ListItem\",\"position\":2,\"name\":\"STANDS\"}]},{\"@type\":\"WebSite\",\"@id\":\"https:\\\/\\\/sainte-catherine.ch\\\/#website\",\"url\":\"https:\\\/\\\/sainte-catherine.ch\\\/\",\"name\":\"F\u00eate de la St Catherine\",\"description\":\"La Sainte-Catherine fait son come-back \u00e0 la plaine Bellevue\",\"publisher\":{\"@id\":\"https:\\\/\\\/sainte-catherine.ch\\\/#organization\"},\"potentialAction\":[{\"@type\":\"SearchAction\",\"target\":{\"@type\":\"EntryPoint\",\"urlTemplate\":\"https:\\\/\\\/sainte-catherine.ch\\\/?s={search_term_string}\"},\"query-input\":{\"@type\":\"PropertyValueSpecification\",\"valueRequired\":true,\"valueName\":\"search_term_string\"}}],\"inLanguage\":\"de-CH\"},{\"@type\":\"Organization\",\"@id\":\"https:\\\/\\\/sainte-catherine.ch\\\/#organization\",\"name\":\"F\u00eate de la Sainte-Catherine de Sierre\",\"url\":\"https:\\\/\\\/sainte-catherine.ch\\\/\",\"logo\":{\"@type\":\"ImageObject\",\"inLanguage\":\"de-CH\",\"@id\":\"https:\\\/\\\/sainte-catherine.ch\\\/#\\\/schema\\\/logo\\\/image\\\/\",\"url\":\"https:\\\/\\\/www.sainte-catherine.ch\\\/wp-content\\\/uploads\\\/2022\\\/03\\\/Image1.png\",\"contentUrl\":\"https:\\\/\\\/www.sainte-catherine.ch\\\/wp-content\\\/uploads\\\/2022\\\/03\\\/Image1.png\",\"width\":368,\"height\":477,\"caption\":\"F\u00eate de la Sainte-Catherine de Sierre\"},\"image\":{\"@id\":\"https:\\\/\\\/sainte-catherine.ch\\\/#\\\/schema\\\/logo\\\/image\\\/\"}}]}<\/script>\n<!-- \/ Yoast SEO plugin. -->","yoast_head_json":{"title":"Katharinentag - Sierre","description":"Das Sainte-Catherine-Festival bietet Ihnen ein festliches Wochenende in Sierre. Auf dem Programm: Konzerte, Unterhaltung und Wahl der Catherinette. Essens- und Getr\u00e4nkest\u00e4nde vor Ort. Parkpl\u00e4tze und \u00f6ffentliche Verkehrsmittel in der N\u00e4he.","robots":{"index":"index","follow":"follow","max-snippet":"max-snippet:-1","max-image-preview":"max-image-preview:large","max-video-preview":"max-video-preview:-1"},"canonical":"https:\/\/sainte-catherine.ch\/de\/stands\/","og_locale":"de_DE","og_type":"article","og_title":"F\u00eate de la St Catherine - Sierre","og_description":"La f\u00eate de la Sainte-Catherine vous propose un week-end festif \u00e0 Sierre. Au programme : concerts, divertissements et \u00e9lection de la Catherinette. Stands de nourriture et de boissons sur place. Parking et transports publics \u00e0 proximit\u00e9.","og_url":"https:\/\/sainte-catherine.ch\/de\/stands\/","og_site_name":"F\u00eate de la St Catherine","article_modified_time":"2025-12-23T12:28:28+00:00","twitter_card":"summary_large_image","twitter_misc":{"Gesch\u00e4tzte Lesezeit":"4\u00a0Minuten"},"schema":{"@context":"https:\/\/schema.org","@graph":[{"@type":"WebPage","@id":"https:\/\/sainte-catherine.ch\/stands\/","url":"https:\/\/sainte-catherine.ch\/stands\/","name":"Katharinentag - Sierre","isPartOf":{"@id":"https:\/\/sainte-catherine.ch\/#website"},"datePublished":"2022-11-08T20:33:00+00:00","dateModified":"2025-12-23T12:28:28+00:00","description":"Das Sainte-Catherine-Festival bietet Ihnen ein festliches Wochenende in Sierre. Auf dem Programm: Konzerte, Unterhaltung und Wahl der Catherinette. Essens- und Getr\u00e4nkest\u00e4nde vor Ort. Parkpl\u00e4tze und \u00f6ffentliche Verkehrsmittel in der N\u00e4he.","breadcrumb":{"@id":"https:\/\/sainte-catherine.ch\/stands\/#breadcrumb"},"inLanguage":"de-CH","potentialAction":[{"@type":"ReadAction","target":["https:\/\/sainte-catherine.ch\/stands\/"]}]},{"@type":"BreadcrumbList","@id":"https:\/\/sainte-catherine.ch\/stands\/#breadcrumb","itemListElement":[{"@type":"ListItem","position":1,"name":"Accueil","item":"https:\/\/sainte-catherine.ch\/"},{"@type":"ListItem","position":2,"name":"STANDS"}]},{"@type":"WebSite","@id":"https:\/\/sainte-catherine.ch\/#website","url":"https:\/\/sainte-catherine.ch\/","name":"Katharinentag","description":"Die Sainte-Catherine kehrt in die Bellevue-Ebene zur\u00fcck","publisher":{"@id":"https:\/\/sainte-catherine.ch\/#organization"},"potentialAction":[{"@type":"SearchAction","target":{"@type":"EntryPoint","urlTemplate":"https:\/\/sainte-catherine.ch\/?s={search_term_string}"},"query-input":{"@type":"PropertyValueSpecification","valueRequired":true,"valueName":"search_term_string"}}],"inLanguage":"de-CH"},{"@type":"Organization","@id":"https:\/\/sainte-catherine.ch\/#organization","name":"Fest der Heiligen Katharina von Sierre","url":"https:\/\/sainte-catherine.ch\/","logo":{"@type":"ImageObject","inLanguage":"de-CH","@id":"https:\/\/sainte-catherine.ch\/#\/schema\/logo\/image\/","url":"https:\/\/www.sainte-catherine.ch\/wp-content\/uploads\/2022\/03\/Image1.png","contentUrl":"https:\/\/www.sainte-catherine.ch\/wp-content\/uploads\/2022\/03\/Image1.png","width":368,"height":477,"caption":"F\u00eate de la Sainte-Catherine de Sierre"},"image":{"@id":"https:\/\/sainte-catherine.ch\/#\/schema\/logo\/image\/"}}]}},"_links":{"self":[{"href":"https:\/\/sainte-catherine.ch\/de\/wp-json\/wp\/v2\/pages\/791","targetHints":{"allow":["GET"]}}],"collection":[{"href":"https:\/\/sainte-catherine.ch\/de\/wp-json\/wp\/v2\/pages"}],"about":[{"href":"https:\/\/sainte-catherine.ch\/de\/wp-json\/wp\/v2\/types\/page"}],"author":[{"embeddable":true,"href":"https:\/\/sainte-catherine.ch\/de\/wp-json\/wp\/v2\/users\/3"}],"replies":[{"embeddable":true,"href":"https:\/\/sainte-catherine.ch\/de\/wp-json\/wp\/v2\/comments?post=791"}],"version-history":[{"count":13,"href":"https:\/\/sainte-catherine.ch\/de\/wp-json\/wp\/v2\/pages\/791\/revisions"}],"predecessor-version":[{"id":1140,"href":"https:\/\/sainte-catherine.ch\/de\/wp-json\/wp\/v2\/pages\/791\/revisions\/1140"}],"wp:attachment":[{"href":"https:\/\/sainte-catherine.ch\/de\/wp-json\/wp\/v2\/media?parent=791"}],"curies":[{"name":"wp","href":"https:\/\/api.w.org\/{rel}","templated":true}]}}